{"id":28,"date":"2015-12-11T18:52:46","date_gmt":"2015-12-11T18:52:46","guid":{"rendered":"http:\/\/wp1.themexlab.com\/wp\/carshire\/?page_id=28"},"modified":"2019-11-07T12:51:09","modified_gmt":"2019-11-07T10:51:09","slug":"our-team","status":"publish","type":"page","link":"https:\/\/autolubumbashigarage.com\/fr\/our-team\/","title":{"rendered":"Notre \u00e9quipe"},"content":{"rendered":"<div class=\"vc_row wpb_row vc_row-fluid\" data-lang=\"English\">\r\n\r\n\r\n\r\n\r\n<div class=\"wpb_column vc_column_container vc_col-sm-12\"><div class=\"vc_column-inner\"><div class=\"wpb_wrapper\"><div class=\"vc_row wpb_row vc_inner vc_row-fluid\"><div class=\"wpb_column vc_column_container vc_col-sm-12\"><div class=\"vc_column-inner\"><div class=\"wpb_wrapper\"><\/div><\/div><\/div><\/div>\t \r\n\r\n\r\n\r\n\r\n\r\n\r\n<!--Filter Section-->\r\n\r\n<section class=\"filter-section no-padd-bottom\">\r\n\r\n<div class=\"auto-container\">\r\n\r\n\t\r\n\r\n\t\r\n\t\r\n\r\n\t<div class=\"filter-list column-view row clearfix\">\r\n\r\n\t\t\r\n\r\n\t\t\r\n\r\n\r\n\t\r\n\t\r\n\t\t\t\t\r\n\r\n           \r\n\r\n\t\t        \r\n\r\n\t\t   \r\n\r\n\t\t   <article class=\"col-md-3 col-sm-6 col-xs-12 column-box team-box mix mix_all\">\r\n\r\n\t\t\t<div class=\"inner-box hvr-float-shadow\">\r\n\r\n\t\t\t\t<figure class=\"image\">\r\n\r\n\t\t\t\t\t<a href=\"#\">\r\n\r\n\t\t\t\t\t\t<img loading=\"lazy\" decoding=\"async\" width=\"268\" height=\"234\" src=\"https:\/\/autolubumbashigarage.com\/wp-content\/uploads\/2019\/12\/Ray-268x234.jpg\" class=\"img-responsive wp-post-image\" alt=\"\" srcset=\"https:\/\/autolubumbashigarage.com\/wp-content\/uploads\/2019\/12\/Ray-268x234.jpg 268w, https:\/\/autolubumbashigarage.com\/wp-content\/uploads\/2019\/12\/Ray-300x261.jpg 300w, https:\/\/autolubumbashigarage.com\/wp-content\/uploads\/2019\/12\/Ray-1024x890.jpg 1024w, https:\/\/autolubumbashigarage.com\/wp-content\/uploads\/2019\/12\/Ray-768x668.jpg 768w, https:\/\/autolubumbashigarage.com\/wp-content\/uploads\/2019\/12\/Ray-1536x1335.jpg 1536w, https:\/\/autolubumbashigarage.com\/wp-content\/uploads\/2019\/12\/Ray-2048x1781.jpg 2048w, https:\/\/autolubumbashigarage.com\/wp-content\/uploads\/2019\/12\/Ray-299x260.jpg 299w\" sizes=\"auto, (max-width: 268px) 100vw, 268px\" \/>\r\n\t\t\t\t\t<\/a>\r\n\r\n\t\t\t\t\t<div class=\"social-links\">\r\n\r\n\t\t\t\t\t\t<div class=\"plus-btn\"><\/div>\r\n\r\n\t\t\t\t\t\t\r\n\t\t\t\t\t\t\t<ul class=\"links\">\r\n\r\n\t\t\t\t\t\t\t\t\r\n\t\t\t\t\t\t\t\t\t\r\n\r\n\t\t\t\t\t\t\t\t\t<li><a href=\"\" class=\"fa\"><\/a><\/li>\r\n\r\n\t\t\t\t\t\t\t\t\r\n\r\n\t\t\t\t\t\t\t\t\r\n\t\t\t\t\t\t\t<\/ul>\r\n\r\n\t\t\t\t\t\t\r\n\t\t\t\t\t<\/div>\r\n\r\n\t\t\t\t<\/figure>\r\n\r\n\t\t\t\t<div class=\"post-content text-center clearfix\">\r\n\r\n\t\t\t\t\t<h3>Superviseur des moteurs-20 ans d&#8217;exp\u00e9rience des moteurs<\/h3>\r\n\r\n\t\t\t\t\t<h5 class=\"occupation\">Remo Magbanua<\/h5>\r\n\r\n\t\t\t\t<\/div>\r\n\r\n\t\t\t<\/div>\r\n\r\n\t\t   <\/article>\r\n\r\n\t\t   \r\n\r\n\t\t   \r\n\r\n\r\n\t\t\t\t\r\n\r\n           \r\n\r\n\t\t        \r\n\r\n\t\t   \r\n\r\n\t\t   <article class=\"col-md-3 col-sm-6 col-xs-12 column-box team-box mix mix_all\">\r\n\r\n\t\t\t<div class=\"inner-box hvr-float-shadow\">\r\n\r\n\t\t\t\t<figure class=\"image\">\r\n\r\n\t\t\t\t\t<a href=\"#\">\r\n\r\n\t\t\t\t\t\t<img loading=\"lazy\" decoding=\"async\" width=\"268\" height=\"234\" src=\"https:\/\/autolubumbashigarage.com\/wp-content\/uploads\/2019\/11\/mostaf-268x234.jpg\" class=\"img-responsive wp-post-image\" alt=\"\" srcset=\"https:\/\/autolubumbashigarage.com\/wp-content\/uploads\/2019\/11\/mostaf-268x234.jpg 268w, https:\/\/autolubumbashigarage.com\/wp-content\/uploads\/2019\/11\/mostaf-300x261.jpg 300w, https:\/\/autolubumbashigarage.com\/wp-content\/uploads\/2019\/11\/mostaf-1024x890.jpg 1024w, https:\/\/autolubumbashigarage.com\/wp-content\/uploads\/2019\/11\/mostaf-768x668.jpg 768w, https:\/\/autolubumbashigarage.com\/wp-content\/uploads\/2019\/11\/mostaf-1536x1335.jpg 1536w, https:\/\/autolubumbashigarage.com\/wp-content\/uploads\/2019\/11\/mostaf-2048x1781.jpg 2048w, https:\/\/autolubumbashigarage.com\/wp-content\/uploads\/2019\/11\/mostaf-299x260.jpg 299w\" sizes=\"auto, (max-width: 268px) 100vw, 268px\" \/>\r\n\t\t\t\t\t<\/a>\r\n\r\n\t\t\t\t\t<div class=\"social-links\">\r\n\r\n\t\t\t\t\t\t<div class=\"plus-btn\"><\/div>\r\n\r\n\t\t\t\t\t\t\r\n\t\t\t\t\t\t\t<ul class=\"links\">\r\n\r\n\t\t\t\t\t\t\t\t\r\n\t\t\t\t\t\t\t\t\t\r\n\r\n\t\t\t\t\t\t\t\t\t<li><a href=\"\" class=\"fa\"><\/a><\/li>\r\n\r\n\t\t\t\t\t\t\t\t\r\n\r\n\t\t\t\t\t\t\t\t\r\n\t\t\t\t\t\t\t<\/ul>\r\n\r\n\t\t\t\t\t\t\r\n\t\t\t\t\t<\/div>\r\n\r\n\t\t\t\t<\/figure>\r\n\r\n\t\t\t\t<div class=\"post-content text-center clearfix\">\r\n\r\n\t\t\t\t\t<h3>Coordonnateur des stocks-Expert en g\u00e9nie m\u00e9canique et pi\u00e8ces<\/h3>\r\n\r\n\t\t\t\t\t<h5 class=\"occupation\">Mustafa Jebai<\/h5>\r\n\r\n\t\t\t\t<\/div>\r\n\r\n\t\t\t<\/div>\r\n\r\n\t\t   <\/article>\r\n\r\n\t\t   \r\n\r\n\t\t   \r\n\r\n\r\n\t\t\t\t\r\n\r\n           \r\n\r\n\t\t        \r\n\r\n\t\t   \r\n\r\n\t\t   <article class=\"col-md-3 col-sm-6 col-xs-12 column-box team-box mix mix_all\">\r\n\r\n\t\t\t<div class=\"inner-box hvr-float-shadow\">\r\n\r\n\t\t\t\t<figure class=\"image\">\r\n\r\n\t\t\t\t\t<a href=\"#\">\r\n\r\n\t\t\t\t\t\t<img loading=\"lazy\" decoding=\"async\" width=\"268\" height=\"234\" src=\"https:\/\/autolubumbashigarage.com\/wp-content\/uploads\/2018\/03\/Choudelle-Mutanda-268x234.jpg\" class=\"img-responsive wp-post-image\" alt=\"\" srcset=\"https:\/\/autolubumbashigarage.com\/wp-content\/uploads\/2018\/03\/Choudelle-Mutanda-268x234.jpg 268w, https:\/\/autolubumbashigarage.com\/wp-content\/uploads\/2018\/03\/Choudelle-Mutanda-300x261.jpg 300w, https:\/\/autolubumbashigarage.com\/wp-content\/uploads\/2018\/03\/Choudelle-Mutanda-768x667.jpg 768w, https:\/\/autolubumbashigarage.com\/wp-content\/uploads\/2018\/03\/Choudelle-Mutanda-299x260.jpg 299w, https:\/\/autolubumbashigarage.com\/wp-content\/uploads\/2018\/03\/Choudelle-Mutanda.jpg 1000w\" sizes=\"auto, (max-width: 268px) 100vw, 268px\" \/>\r\n\t\t\t\t\t<\/a>\r\n\r\n\t\t\t\t\t<div class=\"social-links\">\r\n\r\n\t\t\t\t\t\t<div class=\"plus-btn\"><\/div>\r\n\r\n\t\t\t\t\t\t\r\n\t\t\t\t\t\t\t<ul class=\"links\">\r\n\r\n\t\t\t\t\t\t\t\t\r\n\t\t\t\t\t\t\t\t\t\r\n\r\n\t\t\t\t\t\t\t\t\t<li><a href=\"\" class=\"fa\"><\/a><\/li>\r\n\r\n\t\t\t\t\t\t\t\t\r\n\r\n\t\t\t\t\t\t\t\t\r\n\t\t\t\t\t\t\t<\/ul>\r\n\r\n\t\t\t\t\t\t\r\n\t\t\t\t\t<\/div>\r\n\r\n\t\t\t\t<\/figure>\r\n\r\n\t\t\t\t<div class=\"post-content text-center clearfix\">\r\n\r\n\t\t\t\t\t<h3>M\u00e9nag\u00e8re-7 ans d&#8217;exp\u00e9rience dans le Nettoyage Industriel<\/h3>\r\n\r\n\t\t\t\t\t<h5 class=\"occupation\">Choudelle Mutanda<\/h5>\r\n\r\n\t\t\t\t<\/div>\r\n\r\n\t\t\t<\/div>\r\n\r\n\t\t   <\/article>\r\n\r\n\t\t   \r\n\r\n\t\t   \r\n\r\n\r\n\t\t\t\t\r\n\r\n           \r\n\r\n\t\t        \r\n\r\n\t\t   \r\n\r\n\t\t   <article class=\"col-md-3 col-sm-6 col-xs-12 column-box team-box mix mix_all\">\r\n\r\n\t\t\t<div class=\"inner-box hvr-float-shadow\">\r\n\r\n\t\t\t\t<figure class=\"image\">\r\n\r\n\t\t\t\t\t<a href=\"#\">\r\n\r\n\t\t\t\t\t\t<img loading=\"lazy\" decoding=\"async\" width=\"268\" height=\"234\" src=\"https:\/\/autolubumbashigarage.com\/wp-content\/uploads\/2018\/03\/bienvenue-tajrube-268x234.jpg\" class=\"img-responsive wp-post-image\" alt=\"\" srcset=\"https:\/\/autolubumbashigarage.com\/wp-content\/uploads\/2018\/03\/bienvenue-tajrube-268x234.jpg 268w, https:\/\/autolubumbashigarage.com\/wp-content\/uploads\/2018\/03\/bienvenue-tajrube-300x261.jpg 300w, https:\/\/autolubumbashigarage.com\/wp-content\/uploads\/2018\/03\/bienvenue-tajrube-768x668.jpg 768w, https:\/\/autolubumbashigarage.com\/wp-content\/uploads\/2018\/03\/bienvenue-tajrube-1024x890.jpg 1024w, https:\/\/autolubumbashigarage.com\/wp-content\/uploads\/2018\/03\/bienvenue-tajrube-299x260.jpg 299w\" sizes=\"auto, (max-width: 268px) 100vw, 268px\" \/>\r\n\t\t\t\t\t<\/a>\r\n\r\n\t\t\t\t\t<div class=\"social-links\">\r\n\r\n\t\t\t\t\t\t<div class=\"plus-btn\"><\/div>\r\n\r\n\t\t\t\t\t\t\r\n\t\t\t\t\t\t\t<ul class=\"links\">\r\n\r\n\t\t\t\t\t\t\t\t\r\n\t\t\t\t\t\t\t\t\t\r\n\r\n\t\t\t\t\t\t\t\t\t<li><a href=\"\" class=\"fa\"><\/a><\/li>\r\n\r\n\t\t\t\t\t\t\t\t\r\n\r\n\t\t\t\t\t\t\t\t\r\n\t\t\t\t\t\t\t<\/ul>\r\n\r\n\t\t\t\t\t\t\r\n\t\t\t\t\t<\/div>\r\n\r\n\t\t\t\t<\/figure>\r\n\r\n\t\t\t\t<div class=\"post-content text-center clearfix\">\r\n\r\n\t\t\t\t\t<h3>Electricien-5 ans d&#8217;exp\u00e9rience en Electricit\u00e9 Automobile Industriel<\/h3>\r\n\r\n\t\t\t\t\t<h5 class=\"occupation\">Bienvenue Kombe<\/h5>\r\n\r\n\t\t\t\t<\/div>\r\n\r\n\t\t\t<\/div>\r\n\r\n\t\t   <\/article>\r\n\r\n\t\t   \r\n\r\n\t\t   \r\n\r\n\r\n\t\t\t\t\r\n\r\n           \r\n\r\n\t\t        \r\n\r\n\t\t   \r\n\r\n\t\t   <article class=\"col-md-3 col-sm-6 col-xs-12 column-box team-box mix mix_all\">\r\n\r\n\t\t\t<div class=\"inner-box hvr-float-shadow\">\r\n\r\n\t\t\t\t<figure class=\"image\">\r\n\r\n\t\t\t\t\t<a href=\"#\">\r\n\r\n\t\t\t\t\t\t<img loading=\"lazy\" decoding=\"async\" width=\"268\" height=\"234\" src=\"https:\/\/autolubumbashigarage.com\/wp-content\/uploads\/2018\/03\/Se\u0301raphin-Kibu-268x234.jpg\" class=\"img-responsive wp-post-image\" alt=\"\" srcset=\"https:\/\/autolubumbashigarage.com\/wp-content\/uploads\/2018\/03\/Se\u0301raphin-Kibu-268x234.jpg 268w, https:\/\/autolubumbashigarage.com\/wp-content\/uploads\/2018\/03\/Se\u0301raphin-Kibu-300x261.jpg 300w, https:\/\/autolubumbashigarage.com\/wp-content\/uploads\/2018\/03\/Se\u0301raphin-Kibu-768x667.jpg 768w, https:\/\/autolubumbashigarage.com\/wp-content\/uploads\/2018\/03\/Se\u0301raphin-Kibu-299x260.jpg 299w, https:\/\/autolubumbashigarage.com\/wp-content\/uploads\/2018\/03\/Se\u0301raphin-Kibu.jpg 1000w\" sizes=\"auto, (max-width: 268px) 100vw, 268px\" \/>\r\n\t\t\t\t\t<\/a>\r\n\r\n\t\t\t\t\t<div class=\"social-links\">\r\n\r\n\t\t\t\t\t\t<div class=\"plus-btn\"><\/div>\r\n\r\n\t\t\t\t\t\t\r\n\t\t\t\t\t\t\t<ul class=\"links\">\r\n\r\n\t\t\t\t\t\t\t\t\r\n\t\t\t\t\t\t\t\t\t\r\n\r\n\t\t\t\t\t\t\t\t\t<li><a href=\"\" class=\"fa\"><\/a><\/li>\r\n\r\n\t\t\t\t\t\t\t\t\r\n\r\n\t\t\t\t\t\t\t\t\r\n\t\t\t\t\t\t\t<\/ul>\r\n\r\n\t\t\t\t\t\t\r\n\t\t\t\t\t<\/div>\r\n\r\n\t\t\t\t<\/figure>\r\n\r\n\t\t\t\t<div class=\"post-content text-center clearfix\">\r\n\r\n\t\t\t\t\t<h3>R\u00e9ceptionniste-4 ans d&#8217;exp\u00e9rience dans les Op\u00e9rations de V\u00e9rifications Automobiles<\/h3>\r\n\r\n\t\t\t\t\t<h5 class=\"occupation\">S\u00e9raphin Kibu<\/h5>\r\n\r\n\t\t\t\t<\/div>\r\n\r\n\t\t\t<\/div>\r\n\r\n\t\t   <\/article>\r\n\r\n\t\t   \r\n\r\n\t\t   \r\n\r\n\r\n\t\t\t\t\r\n\r\n           \r\n\r\n\t\t        \r\n\r\n\t\t   \r\n\r\n\t\t   <article class=\"col-md-3 col-sm-6 col-xs-12 column-box team-box mix mix_all\">\r\n\r\n\t\t\t<div class=\"inner-box hvr-float-shadow\">\r\n\r\n\t\t\t\t<figure class=\"image\">\r\n\r\n\t\t\t\t\t<a href=\"#\">\r\n\r\n\t\t\t\t\t\t<img loading=\"lazy\" decoding=\"async\" width=\"268\" height=\"234\" src=\"https:\/\/autolubumbashigarage.com\/wp-content\/uploads\/2015\/12\/jihad-tajrube-268x234.jpg\" class=\"img-responsive wp-post-image\" alt=\"\" srcset=\"https:\/\/autolubumbashigarage.com\/wp-content\/uploads\/2015\/12\/jihad-tajrube-268x234.jpg 268w, https:\/\/autolubumbashigarage.com\/wp-content\/uploads\/2015\/12\/jihad-tajrube-300x261.jpg 300w, https:\/\/autolubumbashigarage.com\/wp-content\/uploads\/2015\/12\/jihad-tajrube-768x668.jpg 768w, https:\/\/autolubumbashigarage.com\/wp-content\/uploads\/2015\/12\/jihad-tajrube-1024x890.jpg 1024w, https:\/\/autolubumbashigarage.com\/wp-content\/uploads\/2015\/12\/jihad-tajrube-299x260.jpg 299w\" sizes=\"auto, (max-width: 268px) 100vw, 268px\" \/>\r\n\t\t\t\t\t<\/a>\r\n\r\n\t\t\t\t\t<div class=\"social-links\">\r\n\r\n\t\t\t\t\t\t<div class=\"plus-btn\"><\/div>\r\n\r\n\t\t\t\t\t\t\r\n\t\t\t\t\t\t\t<ul class=\"links\">\r\n\r\n\t\t\t\t\t\t\t\t\r\n\t\t\t\t\t\t\t\t\t\r\n\r\n\t\t\t\t\t\t\t\t\t<li><a href=\"\" class=\"fa\"><\/a><\/li>\r\n\r\n\t\t\t\t\t\t\t\t\r\n\r\n\t\t\t\t\t\t\t\t\r\n\t\t\t\t\t\t\t<\/ul>\r\n\r\n\t\t\t\t\t\t\r\n\t\t\t\t\t<\/div>\r\n\r\n\t\t\t\t<\/figure>\r\n\r\n\t\t\t\t<div class=\"post-content text-center clearfix\">\r\n\r\n\t\t\t\t\t<h3>Directeur g\u00e9n\u00e9ral Ing\u00e9nieur M\u00e9canique-12 ans d&#8217;exp\u00e9rience dans les Ventes et la Gestion<\/h3>\r\n\r\n\t\t\t\t\t<h5 class=\"occupation\">Jihad Hamadi<\/h5>\r\n\r\n\t\t\t\t<\/div>\r\n\r\n\t\t\t<\/div>\r\n\r\n\t\t   <\/article>\r\n\r\n\t\t   \r\n\r\n\t\t   \r\n\r\n\r\n\t\t\t\t\r\n\r\n           \r\n\r\n\t\t        \r\n\r\n\t\t   \r\n\r\n\t\t   <article class=\"col-md-3 col-sm-6 col-xs-12 column-box team-box mix mix_all\">\r\n\r\n\t\t\t<div class=\"inner-box hvr-float-shadow\">\r\n\r\n\t\t\t\t<figure class=\"image\">\r\n\r\n\t\t\t\t\t<a href=\"#\">\r\n\r\n\t\t\t\t\t\t<img loading=\"lazy\" decoding=\"async\" width=\"268\" height=\"234\" src=\"https:\/\/autolubumbashigarage.com\/wp-content\/uploads\/2015\/12\/Nelson-268x234.jpg\" class=\"img-responsive wp-post-image\" alt=\"\" srcset=\"https:\/\/autolubumbashigarage.com\/wp-content\/uploads\/2015\/12\/Nelson-268x234.jpg 268w, https:\/\/autolubumbashigarage.com\/wp-content\/uploads\/2015\/12\/Nelson-300x261.jpg 300w, https:\/\/autolubumbashigarage.com\/wp-content\/uploads\/2015\/12\/Nelson-768x667.jpg 768w, https:\/\/autolubumbashigarage.com\/wp-content\/uploads\/2015\/12\/Nelson-299x260.jpg 299w, https:\/\/autolubumbashigarage.com\/wp-content\/uploads\/2015\/12\/Nelson.jpg 1000w\" sizes=\"auto, (max-width: 268px) 100vw, 268px\" \/>\r\n\t\t\t\t\t<\/a>\r\n\r\n\t\t\t\t\t<div class=\"social-links\">\r\n\r\n\t\t\t\t\t\t<div class=\"plus-btn\"><\/div>\r\n\r\n\t\t\t\t\t\t\r\n\t\t\t\t\t\t\t<ul class=\"links\">\r\n\r\n\t\t\t\t\t\t\t\t\r\n\t\t\t\t\t\t\t\t\t\r\n\r\n\t\t\t\t\t\t\t\t\t<li><a href=\"\" class=\"fa\"><\/a><\/li>\r\n\r\n\t\t\t\t\t\t\t\t\r\n\r\n\t\t\t\t\t\t\t\t\r\n\t\t\t\t\t\t\t<\/ul>\r\n\r\n\t\t\t\t\t\t\r\n\t\t\t\t\t<\/div>\r\n\r\n\t\t\t\t<\/figure>\r\n\r\n\t\t\t\t<div class=\"post-content text-center clearfix\">\r\n\r\n\t\t\t\t\t<h3>Superviseur du D\u00e9partement Technique-27 ans dans l&#8217;industrie automobile<\/h3>\r\n\r\n\t\t\t\t\t<h5 class=\"occupation\">Nelson Maliksi<\/h5>\r\n\r\n\t\t\t\t<\/div>\r\n\r\n\t\t\t<\/div>\r\n\r\n\t\t   <\/article>\r\n\r\n\t\t   \r\n\r\n\t\t   \r\n\r\n\r\n\t\t\t\t\r\n\r\n           \r\n\r\n\t\t        \r\n\r\n\t\t   \r\n\r\n\t\t   <article class=\"col-md-3 col-sm-6 col-xs-12 column-box team-box mix mix_all\">\r\n\r\n\t\t\t<div class=\"inner-box hvr-float-shadow\">\r\n\r\n\t\t\t\t<figure class=\"image\">\r\n\r\n\t\t\t\t\t<a href=\"#\">\r\n\r\n\t\t\t\t\t\t<img loading=\"lazy\" decoding=\"async\" width=\"268\" height=\"234\" src=\"https:\/\/autolubumbashigarage.com\/wp-content\/uploads\/2015\/12\/imad-tajroube-268x234.jpg\" class=\"img-responsive wp-post-image\" alt=\"\" srcset=\"https:\/\/autolubumbashigarage.com\/wp-content\/uploads\/2015\/12\/imad-tajroube-268x234.jpg 268w, https:\/\/autolubumbashigarage.com\/wp-content\/uploads\/2015\/12\/imad-tajroube-300x261.jpg 300w, https:\/\/autolubumbashigarage.com\/wp-content\/uploads\/2015\/12\/imad-tajroube-768x668.jpg 768w, https:\/\/autolubumbashigarage.com\/wp-content\/uploads\/2015\/12\/imad-tajroube-1024x890.jpg 1024w, https:\/\/autolubumbashigarage.com\/wp-content\/uploads\/2015\/12\/imad-tajroube-299x260.jpg 299w\" sizes=\"auto, (max-width: 268px) 100vw, 268px\" \/>\r\n\t\t\t\t\t<\/a>\r\n\r\n\t\t\t\t\t<div class=\"social-links\">\r\n\r\n\t\t\t\t\t\t<div class=\"plus-btn\"><\/div>\r\n\r\n\t\t\t\t\t\t\r\n\t\t\t\t\t\t\t<ul class=\"links\">\r\n\r\n\t\t\t\t\t\t\t\t\r\n\t\t\t\t\t\t\t\t\t\r\n\r\n\t\t\t\t\t\t\t\t\t<li><a href=\"\" class=\"fa\"><\/a><\/li>\r\n\r\n\t\t\t\t\t\t\t\t\r\n\r\n\t\t\t\t\t\t\t\t\r\n\t\t\t\t\t\t\t<\/ul>\r\n\r\n\t\t\t\t\t\t\r\n\t\t\t\t\t<\/div>\r\n\r\n\t\t\t\t<\/figure>\r\n\r\n\t\t\t\t<div class=\"post-content text-center clearfix\">\r\n\r\n\t\t\t\t\t<h3>Superviseur du D\u00e9partement Carrosserie-24 ans d&#8217;exp\u00e9rience de Service Carrossage<\/h3>\r\n\r\n\t\t\t\t\t<h5 class=\"occupation\">Imad Nasr Allah<\/h5>\r\n\r\n\t\t\t\t<\/div>\r\n\r\n\t\t\t<\/div>\r\n\r\n\t\t   <\/article>\r\n\r\n\t\t   \r\n\r\n\t\t   \r\n\r\n\r\n  \r\n\r\n\r\n\t\t\r\n\r\n\t<\/div>\r\n\r\n\t\r\n\r\n\t<div class=\"gallery_pagi\">\r\n\r\n\t\t\r\n\r\n\t\t<ul class=\"pagination\">\n\t<li><span aria-current=\"page\" class=\"page-numbers current\">1<\/span><\/li>\n\t<li><a class=\"page-numbers\" href=\"https:\/\/autolubumbashigarage.com\/fr\/wp-json\/wp\/v2\/pages\/28\/page\/2\/\">2<\/a><\/li>\n\t<li><a class=\"next page-numbers\" href=\"https:\/\/autolubumbashigarage.com\/fr\/wp-json\/wp\/v2\/pages\/28\/page\/2\/\"><i class=\"fa fa-angle-double-right\"><\/i><\/a><\/li>\n<\/ul>\n\r\n\t\r\n\r\n\t<\/div>\r\n\r\n\t\r\n\r\n<\/div>\r\n\r\n<\/section>\r\n\r\n\r\n\r\n<\/div><\/div><\/div><\/div>","protected":false},"excerpt":{"rendered":"","protected":false},"author":1,"featured_media":0,"parent":0,"menu_order":0,"comment_status":"closed","ping_status":"closed","template":"tpl-visual_composer.php","meta":{"footnotes":""},"class_list":["post-28","page","type-page","status-publish","hentry"],"translation":{"provider":"WPGlobus","version":"3.0.2","language":"fr","enabled_languages":["en","fr"],"languages":{"en":{"title":true,"content":true,"excerpt":false},"fr":{"title":false,"content":false,"excerpt":false}}},"_links":{"self":[{"href":"https:\/\/autolubumbashigarage.com\/fr\/wp-json\/wp\/v2\/pages\/28","targetHints":{"allow":["GET"]}}],"collection":[{"href":"https:\/\/autolubumbashigarage.com\/fr\/wp-json\/wp\/v2\/pages"}],"about":[{"href":"https:\/\/autolubumbashigarage.com\/fr\/wp-json\/wp\/v2\/types\/page"}],"author":[{"embeddable":true,"href":"https:\/\/autolubumbashigarage.com\/fr\/wp-json\/wp\/v2\/users\/1"}],"replies":[{"embeddable":true,"href":"https:\/\/autolubumbashigarage.com\/fr\/wp-json\/wp\/v2\/comments?post=28"}],"version-history":[{"count":2,"href":"https:\/\/autolubumbashigarage.com\/fr\/wp-json\/wp\/v2\/pages\/28\/revisions"}],"predecessor-version":[{"id":1156,"href":"https:\/\/autolubumbashigarage.com\/fr\/wp-json\/wp\/v2\/pages\/28\/revisions\/1156"}],"wp:attachment":[{"href":"https:\/\/autolubumbashigarage.com\/fr\/wp-json\/wp\/v2\/media?parent=28"}],"curies":[{"name":"wp","href":"https:\/\/api.w.org\/{rel}","templated":true}]}}